{"id":2178,"date":"2025-12-02T11:40:25","date_gmt":"2025-12-02T11:40:25","guid":{"rendered":"https:\/\/quintamarzovelos.celeumasandbox.pt\/?page_id=2178"},"modified":"2026-01-23T15:33:43","modified_gmt":"2026-01-23T15:33:43","slug":"alojamento","status":"publish","type":"page","link":"https:\/\/quintamarzovelos.celeumasandbox.pt\/en\/alojamento\/","title":{"rendered":"Accommodation"},"content":{"rendered":"<p style=\"text-align: center;\"><strong>Sleep in history. Wake up with time.<\/strong><\/p>\n<p style=\"text-align: center;\">Our rooms <strong>Housing Tourism<\/strong> offer a peaceful environment, designed for relaxation and experiencing the soul of the Quinta. Set within a property with over 300 years of history, Quinta de Marzovelos invites you to slow down and experience the region authentically, striking a balance between contemporary comfort and historic charm.<\/p>\n<p style=\"text-align: center;\">Surrounded by nature, each space has been designed to provide a peaceful stay, where time stands still and the experience lingers.<\/p>","protected":false},"excerpt":{"rendered":"<p>Dormir na hist\u00f3ria. Acordar com tempo. Os nossos quartos de Turismo de Habita\u00e7\u00e3o oferecem um ambiente tranquilo, pensado para descansar e sentir a alma da Quinta. Inserida numa propriedade com mais de 300 anos de hist\u00f3ria, a Quinta de Marzovelos convida a abrandar o ritmo e a viver o territ\u00f3rio com autenticidade, num equil\u00edbrio entre [&hellip;]<\/p>","protected":false},"author":1,"featured_media":0,"parent":0,"menu_order":0,"comment_status":"closed","ping_status":"closed","template":"page-alojamento.php","meta":{"_acf_changed":false,"footnotes":""},"class_list":["post-2178","page","type-page","status-publish","hentry"],"acf":[],"yoast_head":"<!-- This site is optimized with the Yoast SEO plugin v25.4 - https:\/\/yoast.com\/wordpress\/plugins\/seo\/ -->\n<title>Alojamento - Quinta de Marzovelos<\/title>\n<meta name=\"robots\" content=\"noindex, follow, max-snippet:-1, max-image-preview:large, max-video-preview:-1\" \/>\n<meta property=\"og:locale\" content=\"en_US\" \/>\n<meta property=\"og:type\" content=\"article\" \/>\n<meta property=\"og:title\" content=\"Alojamento - Quinta de Marzovelos\" \/>\n<meta property=\"og:description\" content=\"Dormir na hist\u00f3ria. Acordar com tempo. Os nossos quartos de Turismo de Habita\u00e7\u00e3o oferecem um ambiente tranquilo, pensado para descansar e sentir a alma da Quinta. Inserida numa propriedade com mais de 300 anos de hist\u00f3ria, a Quinta de Marzovelos convida a abrandar o ritmo e a viver o territ\u00f3rio com autenticidade, num equil\u00edbrio entre [&hellip;]\" \/>\n<meta property=\"og:url\" content=\"https:\/\/quintamarzovelos.celeumasandbox.pt\/en\/alojamento\/\" \/>\n<meta property=\"og:site_name\" content=\"Quinta de Marzovelos\" \/>\n<meta property=\"article:modified_time\" content=\"2026-01-23T15:33:43+00:00\" \/>\n<meta name=\"twitter:card\" content=\"summary_large_image\" \/>\n<meta name=\"twitter:label1\" content=\"Est. reading time\" \/>\n\t<meta name=\"twitter:data1\" content=\"1 minute\" \/>\n<script type=\"application\/ld+json\" class=\"yoast-schema-graph\">{\"@context\":\"https:\/\/schema.org\",\"@graph\":[{\"@type\":\"WebPage\",\"@id\":\"https:\/\/quintamarzovelos.celeumasandbox.pt\/alojamento\/\",\"url\":\"https:\/\/quintamarzovelos.celeumasandbox.pt\/alojamento\/\",\"name\":\"Alojamento - Quinta de Marzovelos\",\"isPartOf\":{\"@id\":\"https:\/\/quintamarzovelos.celeumasandbox.pt\/#website\"},\"datePublished\":\"2025-12-02T11:40:25+00:00\",\"dateModified\":\"2026-01-23T15:33:43+00:00\",\"breadcrumb\":{\"@id\":\"https:\/\/quintamarzovelos.celeumasandbox.pt\/alojamento\/#breadcrumb\"},\"inLanguage\":\"en-US\",\"potentialAction\":[{\"@type\":\"ReadAction\",\"target\":[\"https:\/\/quintamarzovelos.celeumasandbox.pt\/alojamento\/\"]}]},{\"@type\":\"BreadcrumbList\",\"@id\":\"https:\/\/quintamarzovelos.celeumasandbox.pt\/alojamento\/#breadcrumb\",\"itemListElement\":[{\"@type\":\"ListItem\",\"position\":1,\"name\":\"In\u00edcio\",\"item\":\"https:\/\/quintamarzovelos.celeumasandbox.pt\/\"},{\"@type\":\"ListItem\",\"position\":2,\"name\":\"Alojamento\"}]},{\"@type\":\"WebSite\",\"@id\":\"https:\/\/quintamarzovelos.celeumasandbox.pt\/#website\",\"url\":\"https:\/\/quintamarzovelos.celeumasandbox.pt\/\",\"name\":\"Quinta de Marzovelos\",\"description\":\"Mesas que contam hist\u00f3rias\",\"publisher\":{\"@id\":\"https:\/\/quintamarzovelos.celeumasandbox.pt\/#organization\"},\"potentialAction\":[{\"@type\":\"SearchAction\",\"target\":{\"@type\":\"EntryPoint\",\"urlTemplate\":\"https:\/\/quintamarzovelos.celeumasandbox.pt\/?s={search_term_string}\"},\"query-input\":{\"@type\":\"PropertyValueSpecification\",\"valueRequired\":true,\"valueName\":\"search_term_string\"}}],\"inLanguage\":\"en-US\"},{\"@type\":\"Organization\",\"@id\":\"https:\/\/quintamarzovelos.celeumasandbox.pt\/#organization\",\"name\":\"Quinta de Marzovelos\",\"url\":\"https:\/\/quintamarzovelos.celeumasandbox.pt\/\",\"logo\":{\"@type\":\"ImageObject\",\"inLanguage\":\"en-US\",\"@id\":\"https:\/\/quintamarzovelos.celeumasandbox.pt\/#\/schema\/logo\/image\/\",\"url\":\"https:\/\/quintamarzovelos.celeumasandbox.pt\/wp-content\/uploads\/2025\/12\/cropped-Logo_branco.png\",\"contentUrl\":\"https:\/\/quintamarzovelos.celeumasandbox.pt\/wp-content\/uploads\/2025\/12\/cropped-Logo_branco.png\",\"width\":1024,\"height\":242,\"caption\":\"Quinta de Marzovelos\"},\"image\":{\"@id\":\"https:\/\/quintamarzovelos.celeumasandbox.pt\/#\/schema\/logo\/image\/\"}}]}<\/script>\n<!-- \/ Yoast SEO plugin. -->","yoast_head_json":{"title":"Alojamento - Quinta de Marzovelos","robots":{"index":"noindex","follow":"follow","max-snippet":"max-snippet:-1","max-image-preview":"max-image-preview:large","max-video-preview":"max-video-preview:-1"},"og_locale":"en_US","og_type":"article","og_title":"Alojamento - Quinta de Marzovelos","og_description":"Dormir na hist\u00f3ria. Acordar com tempo. Os nossos quartos de Turismo de Habita\u00e7\u00e3o oferecem um ambiente tranquilo, pensado para descansar e sentir a alma da Quinta. Inserida numa propriedade com mais de 300 anos de hist\u00f3ria, a Quinta de Marzovelos convida a abrandar o ritmo e a viver o territ\u00f3rio com autenticidade, num equil\u00edbrio entre [&hellip;]","og_url":"https:\/\/quintamarzovelos.celeumasandbox.pt\/en\/alojamento\/","og_site_name":"Quinta de Marzovelos","article_modified_time":"2026-01-23T15:33:43+00:00","twitter_card":"summary_large_image","twitter_misc":{"Est. reading time":"1 minute"},"schema":{"@context":"https:\/\/schema.org","@graph":[{"@type":"WebPage","@id":"https:\/\/quintamarzovelos.celeumasandbox.pt\/alojamento\/","url":"https:\/\/quintamarzovelos.celeumasandbox.pt\/alojamento\/","name":"Alojamento - Quinta de Marzovelos","isPartOf":{"@id":"https:\/\/quintamarzovelos.celeumasandbox.pt\/#website"},"datePublished":"2025-12-02T11:40:25+00:00","dateModified":"2026-01-23T15:33:43+00:00","breadcrumb":{"@id":"https:\/\/quintamarzovelos.celeumasandbox.pt\/alojamento\/#breadcrumb"},"inLanguage":"en-US","potentialAction":[{"@type":"ReadAction","target":["https:\/\/quintamarzovelos.celeumasandbox.pt\/alojamento\/"]}]},{"@type":"BreadcrumbList","@id":"https:\/\/quintamarzovelos.celeumasandbox.pt\/alojamento\/#breadcrumb","itemListElement":[{"@type":"ListItem","position":1,"name":"In\u00edcio","item":"https:\/\/quintamarzovelos.celeumasandbox.pt\/"},{"@type":"ListItem","position":2,"name":"Alojamento"}]},{"@type":"WebSite","@id":"https:\/\/quintamarzovelos.celeumasandbox.pt\/#website","url":"https:\/\/quintamarzovelos.celeumasandbox.pt\/","name":"Quinta de Marzovelos","description":"Mesas que contam hist\u00f3rias","publisher":{"@id":"https:\/\/quintamarzovelos.celeumasandbox.pt\/#organization"},"potentialAction":[{"@type":"SearchAction","target":{"@type":"EntryPoint","urlTemplate":"https:\/\/quintamarzovelos.celeumasandbox.pt\/?s={search_term_string}"},"query-input":{"@type":"PropertyValueSpecification","valueRequired":true,"valueName":"search_term_string"}}],"inLanguage":"en-US"},{"@type":"Organization","@id":"https:\/\/quintamarzovelos.celeumasandbox.pt\/#organization","name":"Quinta de Marzovelos","url":"https:\/\/quintamarzovelos.celeumasandbox.pt\/","logo":{"@type":"ImageObject","inLanguage":"en-US","@id":"https:\/\/quintamarzovelos.celeumasandbox.pt\/#\/schema\/logo\/image\/","url":"https:\/\/quintamarzovelos.celeumasandbox.pt\/wp-content\/uploads\/2025\/12\/cropped-Logo_branco.png","contentUrl":"https:\/\/quintamarzovelos.celeumasandbox.pt\/wp-content\/uploads\/2025\/12\/cropped-Logo_branco.png","width":1024,"height":242,"caption":"Quinta de Marzovelos"},"image":{"@id":"https:\/\/quintamarzovelos.celeumasandbox.pt\/#\/schema\/logo\/image\/"}}]}},"_links":{"self":[{"href":"https:\/\/quintamarzovelos.celeumasandbox.pt\/en\/wp-json\/wp\/v2\/pages\/2178","targetHints":{"allow":["GET"]}}],"collection":[{"href":"https:\/\/quintamarzovelos.celeumasandbox.pt\/en\/wp-json\/wp\/v2\/pages"}],"about":[{"href":"https:\/\/quintamarzovelos.celeumasandbox.pt\/en\/wp-json\/wp\/v2\/types\/page"}],"author":[{"embeddable":true,"href":"https:\/\/quintamarzovelos.celeumasandbox.pt\/en\/wp-json\/wp\/v2\/users\/1"}],"replies":[{"embeddable":true,"href":"https:\/\/quintamarzovelos.celeumasandbox.pt\/en\/wp-json\/wp\/v2\/comments?post=2178"}],"version-history":[{"count":4,"href":"https:\/\/quintamarzovelos.celeumasandbox.pt\/en\/wp-json\/wp\/v2\/pages\/2178\/revisions"}],"predecessor-version":[{"id":2347,"href":"https:\/\/quintamarzovelos.celeumasandbox.pt\/en\/wp-json\/wp\/v2\/pages\/2178\/revisions\/2347"}],"wp:attachment":[{"href":"https:\/\/quintamarzovelos.celeumasandbox.pt\/en\/wp-json\/wp\/v2\/media?parent=2178"}],"curies":[{"name":"wp","href":"https:\/\/api.w.org\/{rel}","templated":true}]}}