{"id":2176,"date":"2025-12-02T11:38:35","date_gmt":"2025-12-02T11:38:35","guid":{"rendered":"https:\/\/quintamarzovelos.celeumasandbox.pt\/?page_id=2176"},"modified":"2026-01-28T17:53:37","modified_gmt":"2026-01-28T17:53:37","slug":"restaurante","status":"publish","type":"page","link":"https:\/\/quintamarzovelos.celeumasandbox.pt\/en\/restaurante\/","title":{"rendered":"Restaurant"},"content":{"rendered":"<p>In the heart of <strong>Quinta de Marzovelos<\/strong> find the <strong>Restaurant 1718<\/strong> \u2014 a place where tradition and flavor come together with a commitment to sustainability.<\/p>\n<p>Inspired by the theme <strong>\u201cViseu, no cora\u00e7\u00e3o do planalto que re\u00fane os sabores de cinco serras \u2014 Caramulo, Arada, Freita, Montemuro e Serra da Estrela\u201d<\/strong>, the chef <strong>Carolina Salgado<\/strong> favors whenever possible the <strong>self-consumption<\/strong> farm products and the selection of <strong>local producers<\/strong>, with organic or traditionally produced ingredients, respecting seasonality.<\/p>\n<p>On the menu, Carolina values the <strong>cuisine of the Viseu region<\/strong>, combining traditional roots with <strong>touches of modernity<\/strong>. Among the highlights are the <strong>Quint-style Roast Veal<\/strong>, the <strong>nettle stew<\/strong>, the <strong>magnolia flower pickle<\/strong> and the subtle aromas of <strong>sichuan pepper<\/strong>, creating a dining experience designed to surprise.<\/p>\n<p>We welcome our visitors in a cozy atmosphere, ideal for <strong>family lunches<\/strong>, <strong>group dinners<\/strong> or special moments among friends. The menu combines typical Portuguese dishes with contemporary interpretations, always respecting the authenticity of the flavors.<\/p>\n<p>Come and discover the pleasure of eating well, surrounded by nature and the authenticity of <strong>Quinta de Marzovelos<\/strong>.<\/p>","protected":false},"excerpt":{"rendered":"<p>No cora\u00e7\u00e3o da Quinta de Marzovelos encontra o Restaurante 1718 \u2014 um espa\u00e7o onde a tradi\u00e7\u00e3o e o sabor se unem ao compromisso com a sustentabilidade. Inspirado pelo tema \u201cViseu, no cora\u00e7\u00e3o do planalto que re\u00fane os sabores de cinco serras \u2014 Caramulo, Arada, Freita, Montemuro e Serra da Estrela\u201d, a chef Carolina Salgado privilegia [&hellip;]<\/p>","protected":false},"author":1,"featured_media":0,"parent":0,"menu_order":0,"comment_status":"closed","ping_status":"closed","template":"page-restaurante.php","meta":{"_acf_changed":false,"footnotes":""},"class_list":["post-2176","page","type-page","status-publish","hentry"],"acf":[],"yoast_head":"<!-- This site is optimized with the Yoast SEO plugin v25.4 - https:\/\/yoast.com\/wordpress\/plugins\/seo\/ -->\n<title>Restaurante - Quinta de Marzovelos<\/title>\n<meta name=\"robots\" content=\"noindex, follow, max-snippet:-1, max-image-preview:large, max-video-preview:-1\" \/>\n<meta property=\"og:locale\" content=\"en_US\" \/>\n<meta property=\"og:type\" content=\"article\" \/>\n<meta property=\"og:title\" content=\"Restaurante - Quinta de Marzovelos\" \/>\n<meta property=\"og:description\" content=\"No cora\u00e7\u00e3o da Quinta de Marzovelos encontra o Restaurante 1718 \u2014 um espa\u00e7o onde a tradi\u00e7\u00e3o e o sabor se unem ao compromisso com a sustentabilidade. Inspirado pelo tema \u201cViseu, no cora\u00e7\u00e3o do planalto que re\u00fane os sabores de cinco serras \u2014 Caramulo, Arada, Freita, Montemuro e Serra da Estrela\u201d, a chef Carolina Salgado privilegia [&hellip;]\" \/>\n<meta property=\"og:url\" content=\"https:\/\/quintamarzovelos.celeumasandbox.pt\/en\/restaurante\/\" \/>\n<meta property=\"og:site_name\" content=\"Quinta de Marzovelos\" \/>\n<meta property=\"article:modified_time\" content=\"2026-01-28T17:53:37+00:00\" \/>\n<meta name=\"twitter:card\" content=\"summary_large_image\" \/>\n<meta name=\"twitter:label1\" content=\"Est. reading time\" \/>\n\t<meta name=\"twitter:data1\" content=\"1 minute\" \/>\n<script type=\"application\/ld+json\" class=\"yoast-schema-graph\">{\"@context\":\"https:\/\/schema.org\",\"@graph\":[{\"@type\":\"WebPage\",\"@id\":\"https:\/\/quintamarzovelos.celeumasandbox.pt\/restaurante\/\",\"url\":\"https:\/\/quintamarzovelos.celeumasandbox.pt\/restaurante\/\",\"name\":\"Restaurante - Quinta de Marzovelos\",\"isPartOf\":{\"@id\":\"https:\/\/quintamarzovelos.celeumasandbox.pt\/#website\"},\"datePublished\":\"2025-12-02T11:38:35+00:00\",\"dateModified\":\"2026-01-28T17:53:37+00:00\",\"breadcrumb\":{\"@id\":\"https:\/\/quintamarzovelos.celeumasandbox.pt\/restaurante\/#breadcrumb\"},\"inLanguage\":\"en-US\",\"potentialAction\":[{\"@type\":\"ReadAction\",\"target\":[\"https:\/\/quintamarzovelos.celeumasandbox.pt\/restaurante\/\"]}]},{\"@type\":\"BreadcrumbList\",\"@id\":\"https:\/\/quintamarzovelos.celeumasandbox.pt\/restaurante\/#breadcrumb\",\"itemListElement\":[{\"@type\":\"ListItem\",\"position\":1,\"name\":\"In\u00edcio\",\"item\":\"https:\/\/quintamarzovelos.celeumasandbox.pt\/\"},{\"@type\":\"ListItem\",\"position\":2,\"name\":\"Restaurante\"}]},{\"@type\":\"WebSite\",\"@id\":\"https:\/\/quintamarzovelos.celeumasandbox.pt\/#website\",\"url\":\"https:\/\/quintamarzovelos.celeumasandbox.pt\/\",\"name\":\"Quinta de Marzovelos\",\"description\":\"Mesas que contam hist\u00f3rias\",\"publisher\":{\"@id\":\"https:\/\/quintamarzovelos.celeumasandbox.pt\/#organization\"},\"potentialAction\":[{\"@type\":\"SearchAction\",\"target\":{\"@type\":\"EntryPoint\",\"urlTemplate\":\"https:\/\/quintamarzovelos.celeumasandbox.pt\/?s={search_term_string}\"},\"query-input\":{\"@type\":\"PropertyValueSpecification\",\"valueRequired\":true,\"valueName\":\"search_term_string\"}}],\"inLanguage\":\"en-US\"},{\"@type\":\"Organization\",\"@id\":\"https:\/\/quintamarzovelos.celeumasandbox.pt\/#organization\",\"name\":\"Quinta de Marzovelos\",\"url\":\"https:\/\/quintamarzovelos.celeumasandbox.pt\/\",\"logo\":{\"@type\":\"ImageObject\",\"inLanguage\":\"en-US\",\"@id\":\"https:\/\/quintamarzovelos.celeumasandbox.pt\/#\/schema\/logo\/image\/\",\"url\":\"https:\/\/quintamarzovelos.celeumasandbox.pt\/wp-content\/uploads\/2025\/12\/cropped-Logo_branco.png\",\"contentUrl\":\"https:\/\/quintamarzovelos.celeumasandbox.pt\/wp-content\/uploads\/2025\/12\/cropped-Logo_branco.png\",\"width\":1024,\"height\":242,\"caption\":\"Quinta de Marzovelos\"},\"image\":{\"@id\":\"https:\/\/quintamarzovelos.celeumasandbox.pt\/#\/schema\/logo\/image\/\"}}]}<\/script>\n<!-- \/ Yoast SEO plugin. -->","yoast_head_json":{"title":"Restaurante - Quinta de Marzovelos","robots":{"index":"noindex","follow":"follow","max-snippet":"max-snippet:-1","max-image-preview":"max-image-preview:large","max-video-preview":"max-video-preview:-1"},"og_locale":"en_US","og_type":"article","og_title":"Restaurante - Quinta de Marzovelos","og_description":"No cora\u00e7\u00e3o da Quinta de Marzovelos encontra o Restaurante 1718 \u2014 um espa\u00e7o onde a tradi\u00e7\u00e3o e o sabor se unem ao compromisso com a sustentabilidade. Inspirado pelo tema \u201cViseu, no cora\u00e7\u00e3o do planalto que re\u00fane os sabores de cinco serras \u2014 Caramulo, Arada, Freita, Montemuro e Serra da Estrela\u201d, a chef Carolina Salgado privilegia [&hellip;]","og_url":"https:\/\/quintamarzovelos.celeumasandbox.pt\/en\/restaurante\/","og_site_name":"Quinta de Marzovelos","article_modified_time":"2026-01-28T17:53:37+00:00","twitter_card":"summary_large_image","twitter_misc":{"Est. reading time":"1 minute"},"schema":{"@context":"https:\/\/schema.org","@graph":[{"@type":"WebPage","@id":"https:\/\/quintamarzovelos.celeumasandbox.pt\/restaurante\/","url":"https:\/\/quintamarzovelos.celeumasandbox.pt\/restaurante\/","name":"Restaurante - Quinta de Marzovelos","isPartOf":{"@id":"https:\/\/quintamarzovelos.celeumasandbox.pt\/#website"},"datePublished":"2025-12-02T11:38:35+00:00","dateModified":"2026-01-28T17:53:37+00:00","breadcrumb":{"@id":"https:\/\/quintamarzovelos.celeumasandbox.pt\/restaurante\/#breadcrumb"},"inLanguage":"en-US","potentialAction":[{"@type":"ReadAction","target":["https:\/\/quintamarzovelos.celeumasandbox.pt\/restaurante\/"]}]},{"@type":"BreadcrumbList","@id":"https:\/\/quintamarzovelos.celeumasandbox.pt\/restaurante\/#breadcrumb","itemListElement":[{"@type":"ListItem","position":1,"name":"In\u00edcio","item":"https:\/\/quintamarzovelos.celeumasandbox.pt\/"},{"@type":"ListItem","position":2,"name":"Restaurante"}]},{"@type":"WebSite","@id":"https:\/\/quintamarzovelos.celeumasandbox.pt\/#website","url":"https:\/\/quintamarzovelos.celeumasandbox.pt\/","name":"Quinta de Marzovelos","description":"Mesas que contam hist\u00f3rias","publisher":{"@id":"https:\/\/quintamarzovelos.celeumasandbox.pt\/#organization"},"potentialAction":[{"@type":"SearchAction","target":{"@type":"EntryPoint","urlTemplate":"https:\/\/quintamarzovelos.celeumasandbox.pt\/?s={search_term_string}"},"query-input":{"@type":"PropertyValueSpecification","valueRequired":true,"valueName":"search_term_string"}}],"inLanguage":"en-US"},{"@type":"Organization","@id":"https:\/\/quintamarzovelos.celeumasandbox.pt\/#organization","name":"Quinta de Marzovelos","url":"https:\/\/quintamarzovelos.celeumasandbox.pt\/","logo":{"@type":"ImageObject","inLanguage":"en-US","@id":"https:\/\/quintamarzovelos.celeumasandbox.pt\/#\/schema\/logo\/image\/","url":"https:\/\/quintamarzovelos.celeumasandbox.pt\/wp-content\/uploads\/2025\/12\/cropped-Logo_branco.png","contentUrl":"https:\/\/quintamarzovelos.celeumasandbox.pt\/wp-content\/uploads\/2025\/12\/cropped-Logo_branco.png","width":1024,"height":242,"caption":"Quinta de Marzovelos"},"image":{"@id":"https:\/\/quintamarzovelos.celeumasandbox.pt\/#\/schema\/logo\/image\/"}}]}},"_links":{"self":[{"href":"https:\/\/quintamarzovelos.celeumasandbox.pt\/en\/wp-json\/wp\/v2\/pages\/2176","targetHints":{"allow":["GET"]}}],"collection":[{"href":"https:\/\/quintamarzovelos.celeumasandbox.pt\/en\/wp-json\/wp\/v2\/pages"}],"about":[{"href":"https:\/\/quintamarzovelos.celeumasandbox.pt\/en\/wp-json\/wp\/v2\/types\/page"}],"author":[{"embeddable":true,"href":"https:\/\/quintamarzovelos.celeumasandbox.pt\/en\/wp-json\/wp\/v2\/users\/1"}],"replies":[{"embeddable":true,"href":"https:\/\/quintamarzovelos.celeumasandbox.pt\/en\/wp-json\/wp\/v2\/comments?post=2176"}],"version-history":[{"count":8,"href":"https:\/\/quintamarzovelos.celeumasandbox.pt\/en\/wp-json\/wp\/v2\/pages\/2176\/revisions"}],"predecessor-version":[{"id":2367,"href":"https:\/\/quintamarzovelos.celeumasandbox.pt\/en\/wp-json\/wp\/v2\/pages\/2176\/revisions\/2367"}],"wp:attachment":[{"href":"https:\/\/quintamarzovelos.celeumasandbox.pt\/en\/wp-json\/wp\/v2\/media?parent=2176"}],"curies":[{"name":"wp","href":"https:\/\/api.w.org\/{rel}","templated":true}]}}